{"id":450,"date":"2025-10-23T14:53:25","date_gmt":"2025-10-23T12:53:25","guid":{"rendered":"https:\/\/onfire2026.it\/accessibilita\/"},"modified":"2025-10-23T17:11:42","modified_gmt":"2025-10-23T15:11:42","slug":"accessibilita","status":"publish","type":"page","link":"https:\/\/onfire2026.it\/it\/accessibilita\/","title":{"rendered":"Accessibilit\u00e0"},"content":{"rendered":"\t\t<div data-elementor-type=\"wp-page\" data-elementor-id=\"450\" class=\"elementor elementor-450 elementor-301\" data-elementor-post-type=\"page\">\n\t\t\t\t<div class=\"elementor-element elementor-element-19da872 e-flex e-con-boxed e-con e-parent\" data-id=\"19da872\" data-element_type=\"container\" data-e-type=\"container\" data-settings=\"{&quot;background_background&quot;:&quot;classic&quot;}\">\n\t\t\t\t\t<div class=\"e-con-inner\">\n\t\t\t\t<div class=\"elementor-element elementor-element-aac1787 elementor-widget elementor-widget-heading\" data-id=\"aac1787\" data-element_type=\"widget\" data-e-type=\"widget\" data-widget_type=\"heading.default\">\n\t\t\t\t\t<h1 class=\"elementor-heading-title elementor-size-default\">Accessibilit\u00e0<\/h1>\t\t\t\t<\/div>\n\t\t\t\t<div class=\"elementor-element elementor-element-cb6112f elementor-widget elementor-widget-breadcrumbs\" data-id=\"cb6112f\" data-element_type=\"widget\" data-e-type=\"widget\" data-widget_type=\"breadcrumbs.default\">\n\t\t\t\t\t<p id=\"breadcrumbs\"><span><span><a href=\"https:\/\/onfire2026.it\/it\/\">Home<\/a><\/span><\/span><\/p>\t\t\t\t<\/div>\n\t\t\t\t\t<\/div>\n\t\t\t\t<\/div>\n\t\t<div class=\"elementor-element elementor-element-7cb0a3d e-flex e-con-boxed e-con e-parent\" data-id=\"7cb0a3d\" data-element_type=\"container\" data-e-type=\"container\" data-settings=\"{&quot;background_background&quot;:&quot;classic&quot;}\">\n\t\t\t\t\t<div class=\"e-con-inner\">\n\t\t<div class=\"elementor-element elementor-element-9f1b5bc e-con-full e-flex e-con e-child\" data-id=\"9f1b5bc\" data-element_type=\"container\" data-e-type=\"container\">\n\t\t\t\t<div class=\"elementor-element elementor-element-e0c61e0 elementor-widget elementor-widget-heading\" data-id=\"e0c61e0\" data-element_type=\"widget\" data-e-type=\"widget\" data-widget_type=\"heading.default\">\n\t\t\t\t\t<h2 class=\"elementor-heading-title elementor-size-default\">Dichiarazione di accessibilit\u00e0<\/h2>\t\t\t\t<\/div>\n\t\t\t\t<div class=\"elementor-element elementor-element-f089791 elementor-widget elementor-widget-text-editor\" data-id=\"f089791\" data-element_type=\"widget\" data-e-type=\"widget\" data-widget_type=\"text-editor.default\">\n\t\t\t\t\t\t\t\t\t<p>Noi ci impegniamo a rendere il nostro sito web il pi\u00f9 accessibile possibile, per garantire a tutte le persone \u2013 comprese quelle con disabilit\u00e0 \u2013 un accesso privo di barriere.<\/p>\n\t\t\t\t\t\t\t\t<\/div>\n\t\t\t\t<\/div>\n\t\t<div class=\"elementor-element elementor-element-0c3f143 e-con-full e-flex e-con e-child\" data-id=\"0c3f143\" data-element_type=\"container\" data-e-type=\"container\">\n\t\t\t\t<div class=\"elementor-element elementor-element-d2cdd65 elementor-widget elementor-widget-heading\" data-id=\"d2cdd65\" data-element_type=\"widget\" data-e-type=\"widget\" data-widget_type=\"heading.default\">\n\t\t\t\t\t<h2 class=\"elementor-heading-title elementor-size-default\">Barrierefreiheits-Standards<\/h2>\t\t\t\t<\/div>\n\t\t\t\t<div class=\"elementor-element elementor-element-1d48a38 elementor-widget elementor-widget-text-editor\" data-id=\"1d48a38\" data-element_type=\"widget\" data-e-type=\"widget\" data-widget_type=\"text-editor.default\">\n\t\t\t\t\t\t\t\t\t<p>Il nostro sito si basa sulle normative europee sull\u2019accessibilit\u00e0, in particolare sul European Accessibility Act (EAA) che entrer\u00e0 in vigore il 28 giugno 2025, e sulle Linee guida WCAG 2.1 a livello AA.<\/p>\n\t\t\t\t\t\t\t\t<\/div>\n\t\t\t\t<\/div>\n\t\t<div class=\"elementor-element elementor-element-f5d7ca7 e-con-full e-flex e-con e-child\" data-id=\"f5d7ca7\" data-element_type=\"container\" data-e-type=\"container\">\n\t\t\t\t<div class=\"elementor-element elementor-element-c82e124 elementor-widget elementor-widget-heading\" data-id=\"c82e124\" data-element_type=\"widget\" data-e-type=\"widget\" data-widget_type=\"heading.default\">\n\t\t\t\t\t<h2 class=\"elementor-heading-title elementor-size-default\">Umgesetzte Ma\u00dfnahmen<\/h2>\t\t\t\t<\/div>\n\t\t\t\t<div class=\"elementor-element elementor-element-d4c86dd elementor-widget elementor-widget-text-editor\" data-id=\"d4c86dd\" data-element_type=\"widget\" data-e-type=\"widget\" data-widget_type=\"text-editor.default\">\n\t\t\t\t\t\t\t\t\t<ul>\n<li>Navigazione tramite tastiera possibile<\/li>\n<li>Testi alternativi per le immagini forniti<\/li>\n<li>Struttura di titoli (H1, H2, \u2026) utilizzata correttamente<\/li>\n<li>Regolazione dei colori e del contrasto tramite widget di accessibilit\u00e0<\/li>\n<li>Testi chiari e comprensibili, link e pulsanti facilmente riconoscibili<\/li>\n<\/ul>\n\t\t\t\t\t\t\t\t<\/div>\n\t\t\t\t<\/div>\n\t\t<div class=\"elementor-element elementor-element-feb0edc e-con-full e-flex e-con e-child\" data-id=\"feb0edc\" data-element_type=\"container\" data-e-type=\"container\">\n\t\t\t\t<div class=\"elementor-element elementor-element-45c8bad elementor-widget elementor-widget-heading\" data-id=\"45c8bad\" data-element_type=\"widget\" data-e-type=\"widget\" data-widget_type=\"heading.default\">\n\t\t\t\t\t<h2 class=\"elementor-heading-title elementor-size-default\">Contenuti non accessibili<\/h2>\t\t\t\t<\/div>\n\t\t\t\t<div class=\"elementor-element elementor-element-7766439 elementor-widget elementor-widget-text-editor\" data-id=\"7766439\" data-element_type=\"widget\" data-e-type=\"widget\" data-widget_type=\"text-editor.default\">\n\t\t\t\t\t\t\t\t\t<p>Nonostante i nostri sforzi, alcune aree potrebbero non essere ancora completamente accessibili. Lavoriamo costantemente per migliorare il sito.<\/p>\n\t\t\t\t\t\t\t\t<\/div>\n\t\t\t\t<\/div>\n\t\t<div class=\"elementor-element elementor-element-c11bcde e-con-full e-flex e-con e-child\" data-id=\"c11bcde\" data-element_type=\"container\" data-e-type=\"container\">\n\t\t\t\t<div class=\"elementor-element elementor-element-8daa947 elementor-widget elementor-widget-heading\" data-id=\"8daa947\" data-element_type=\"widget\" data-e-type=\"widget\" data-widget_type=\"heading.default\">\n\t\t\t\t\t<h2 class=\"elementor-heading-title elementor-size-default\">Feedback e contatti<\/h2>\t\t\t\t<\/div>\n\t\t\t\t<div class=\"elementor-element elementor-element-ea17fb4 elementor-widget elementor-widget-text-editor\" data-id=\"ea17fb4\" data-element_type=\"widget\" data-e-type=\"widget\" data-widget_type=\"text-editor.default\">\n\t\t\t\t\t\t\t\t\t<p>Se riscontri problemi nell\u2019utilizzo del nostro sito o hai domande sull\u2019accessibilit\u00e0, ti preghiamo di contattarci:<\/p>\n<div class=\"elementor-element elementor-element-46a553d e-flex e-con-boxed e-con e-child\" data-id=\"46a553d\" data-element_type=\"container\">\n<div class=\"e-con-inner\">\n<div class=\"elementor-element elementor-element-6c391b1 elementor-widget elementor-widget-text-editor\" data-id=\"6c391b1\" data-element_type=\"widget\" data-widget_type=\"text-editor.default\">\n<p>Kulturverein Associazione Culturale ARTON ETS<br \/>\nE-Mail:\u00a0<a href=\"mailto:info@onfire2026.it\">info@onfire2026.it<\/a><\/p>\n<\/div>\n<p><\/div>\n<p><\/div>\n<p>Data dell\u2019ultima revisione: 24\/10\/2025<\/p>\n\t\t\t\t\t\t\t\t<\/div>\n\t\t\t\t<\/div>\n\t\t\t\t\t<\/div>\n\t\t\t\t<\/div>\n\t\t\t\t<\/div>\n\t\t","protected":false},"excerpt":{"rendered":"<p>Dichiarazione di accessibilit\u00e0 Noi ci impegniamo a rendere il nostro sito web il pi\u00f9 accessibile possibile, per garantire a tutte le persone \u2013 comprese quelle con disabilit\u00e0 \u2013 un accesso privo di barriere. Barrierefreiheits-Standards Il nostro sito si basa sulle normative europee sull\u2019accessibilit\u00e0, in particolare sul European Accessibility Act (EAA) che entrer\u00e0 in vigore il [&hellip;]<\/p>\n","protected":false},"author":1,"featured_media":0,"parent":0,"menu_order":0,"comment_status":"closed","ping_status":"closed","template":"","meta":{"_acf_changed":false,"footnotes":""},"class_list":["post-450","page","type-page","status-publish","hentry"],"acf":[],"yoast_head":"<!-- This site is optimized with the Yoast SEO plugin v27.3 - https:\/\/yoast.com\/product\/yoast-seo-wordpress\/ -->\n<title>Accessibilit\u00e0 - On Fire 2026<\/title>\n<meta name=\"robots\" content=\"index, follow, max-snippet:-1, max-image-preview:large, max-video-preview:-1\" \/>\n<link rel=\"canonical\" href=\"https:\/\/onfire2026.it\/it\/accessibilita\/\" \/>\n<meta property=\"og:locale\" content=\"it_IT\" \/>\n<meta property=\"og:type\" content=\"article\" \/>\n<meta property=\"og:title\" content=\"Accessibilit\u00e0 - On Fire 2026\" \/>\n<meta property=\"og:description\" content=\"Dichiarazione di accessibilit\u00e0 Noi ci impegniamo a rendere il nostro sito web il pi\u00f9 accessibile possibile, per garantire a tutte le persone \u2013 comprese quelle con disabilit\u00e0 \u2013 un accesso privo di barriere. Barrierefreiheits-Standards Il nostro sito si basa sulle normative europee sull\u2019accessibilit\u00e0, in particolare sul European Accessibility Act (EAA) che entrer\u00e0 in vigore il [&hellip;]\" \/>\n<meta property=\"og:url\" content=\"https:\/\/onfire2026.it\/it\/accessibilita\/\" \/>\n<meta property=\"og:site_name\" content=\"On Fire 2026\" \/>\n<meta property=\"article:modified_time\" content=\"2025-10-23T15:11:42+00:00\" \/>\n<meta property=\"og:image\" content=\"https:\/\/onfire2026.it\/wp-content\/uploads\/2025\/10\/onfire2026-sharing-image-1024x538.jpg\" \/>\n\t<meta property=\"og:image:width\" content=\"1024\" \/>\n\t<meta property=\"og:image:height\" content=\"538\" \/>\n\t<meta property=\"og:image:type\" content=\"image\/jpeg\" \/>\n<meta name=\"twitter:card\" content=\"summary_large_image\" \/>\n<meta name=\"twitter:label1\" content=\"Tempo di lettura stimato\" \/>\n\t<meta name=\"twitter:data1\" content=\"1 minuto\" \/>\n<script type=\"application\/ld+json\" class=\"yoast-schema-graph\">{\"@context\":\"https:\\\/\\\/schema.org\",\"@graph\":[{\"@type\":\"WebPage\",\"@id\":\"https:\\\/\\\/onfire2026.it\\\/it\\\/accessibilita\\\/\",\"url\":\"https:\\\/\\\/onfire2026.it\\\/it\\\/accessibilita\\\/\",\"name\":\"Accessibilit\u00e0 - On Fire 2026\",\"isPartOf\":{\"@id\":\"https:\\\/\\\/onfire2026.it\\\/it\\\/#website\"},\"datePublished\":\"2025-10-23T12:53:25+00:00\",\"dateModified\":\"2025-10-23T15:11:42+00:00\",\"breadcrumb\":{\"@id\":\"https:\\\/\\\/onfire2026.it\\\/it\\\/accessibilita\\\/#breadcrumb\"},\"inLanguage\":\"it-IT\",\"potentialAction\":[{\"@type\":\"ReadAction\",\"target\":[\"https:\\\/\\\/onfire2026.it\\\/it\\\/accessibilita\\\/\"]}]},{\"@type\":\"BreadcrumbList\",\"@id\":\"https:\\\/\\\/onfire2026.it\\\/it\\\/accessibilita\\\/#breadcrumb\",\"itemListElement\":[{\"@type\":\"ListItem\",\"position\":1,\"name\":\"Home\",\"item\":\"https:\\\/\\\/onfire2026.it\\\/it\\\/\"},{\"@type\":\"ListItem\",\"position\":2,\"name\":\"Accessibilit\u00e0\"}]},{\"@type\":\"WebSite\",\"@id\":\"https:\\\/\\\/onfire2026.it\\\/it\\\/#website\",\"url\":\"https:\\\/\\\/onfire2026.it\\\/it\\\/\",\"name\":\"On Fire 2026\",\"description\":\"Winter Games Opening Show S\u00fcdtirol Alto Adige 30.01.2026, 20:00 Uhr\",\"publisher\":{\"@id\":\"https:\\\/\\\/onfire2026.it\\\/it\\\/#organization\"},\"potentialAction\":[{\"@type\":\"SearchAction\",\"target\":{\"@type\":\"EntryPoint\",\"urlTemplate\":\"https:\\\/\\\/onfire2026.it\\\/it\\\/?s={search_term_string}\"},\"query-input\":{\"@type\":\"PropertyValueSpecification\",\"valueRequired\":true,\"valueName\":\"search_term_string\"}}],\"inLanguage\":\"it-IT\"},{\"@type\":\"Organization\",\"@id\":\"https:\\\/\\\/onfire2026.it\\\/it\\\/#organization\",\"name\":\"On Fire 2026\",\"url\":\"https:\\\/\\\/onfire2026.it\\\/it\\\/\",\"logo\":{\"@type\":\"ImageObject\",\"inLanguage\":\"it-IT\",\"@id\":\"https:\\\/\\\/onfire2026.it\\\/it\\\/#\\\/schema\\\/logo\\\/image\\\/\",\"url\":\"https:\\\/\\\/onfire2026.it\\\/wp-content\\\/uploads\\\/2025\\\/10\\\/onfire2026-logo.png\",\"contentUrl\":\"https:\\\/\\\/onfire2026.it\\\/wp-content\\\/uploads\\\/2025\\\/10\\\/onfire2026-logo.png\",\"width\":1517,\"height\":442,\"caption\":\"On Fire 2026\"},\"image\":{\"@id\":\"https:\\\/\\\/onfire2026.it\\\/it\\\/#\\\/schema\\\/logo\\\/image\\\/\"}}]}<\/script>\n<!-- \/ Yoast SEO plugin. -->","yoast_head_json":{"title":"Accessibilit\u00e0 - On Fire 2026","robots":{"index":"index","follow":"follow","max-snippet":"max-snippet:-1","max-image-preview":"max-image-preview:large","max-video-preview":"max-video-preview:-1"},"canonical":"https:\/\/onfire2026.it\/it\/accessibilita\/","og_locale":"it_IT","og_type":"article","og_title":"Accessibilit\u00e0 - On Fire 2026","og_description":"Dichiarazione di accessibilit\u00e0 Noi ci impegniamo a rendere il nostro sito web il pi\u00f9 accessibile possibile, per garantire a tutte le persone \u2013 comprese quelle con disabilit\u00e0 \u2013 un accesso privo di barriere. Barrierefreiheits-Standards Il nostro sito si basa sulle normative europee sull\u2019accessibilit\u00e0, in particolare sul European Accessibility Act (EAA) che entrer\u00e0 in vigore il [&hellip;]","og_url":"https:\/\/onfire2026.it\/it\/accessibilita\/","og_site_name":"On Fire 2026","article_modified_time":"2025-10-23T15:11:42+00:00","og_image":[{"width":1024,"height":538,"url":"https:\/\/onfire2026.it\/wp-content\/uploads\/2025\/10\/onfire2026-sharing-image-1024x538.jpg","type":"image\/jpeg"}],"twitter_card":"summary_large_image","twitter_misc":{"Tempo di lettura stimato":"1 minuto"},"schema":{"@context":"https:\/\/schema.org","@graph":[{"@type":"WebPage","@id":"https:\/\/onfire2026.it\/it\/accessibilita\/","url":"https:\/\/onfire2026.it\/it\/accessibilita\/","name":"Accessibilit\u00e0 - On Fire 2026","isPartOf":{"@id":"https:\/\/onfire2026.it\/it\/#website"},"datePublished":"2025-10-23T12:53:25+00:00","dateModified":"2025-10-23T15:11:42+00:00","breadcrumb":{"@id":"https:\/\/onfire2026.it\/it\/accessibilita\/#breadcrumb"},"inLanguage":"it-IT","potentialAction":[{"@type":"ReadAction","target":["https:\/\/onfire2026.it\/it\/accessibilita\/"]}]},{"@type":"BreadcrumbList","@id":"https:\/\/onfire2026.it\/it\/accessibilita\/#breadcrumb","itemListElement":[{"@type":"ListItem","position":1,"name":"Home","item":"https:\/\/onfire2026.it\/it\/"},{"@type":"ListItem","position":2,"name":"Accessibilit\u00e0"}]},{"@type":"WebSite","@id":"https:\/\/onfire2026.it\/it\/#website","url":"https:\/\/onfire2026.it\/it\/","name":"On Fire 2026","description":"Winter Games Opening Show S\u00fcdtirol Alto Adige 30.01.2026, 20:00 Uhr","publisher":{"@id":"https:\/\/onfire2026.it\/it\/#organization"},"potentialAction":[{"@type":"SearchAction","target":{"@type":"EntryPoint","urlTemplate":"https:\/\/onfire2026.it\/it\/?s={search_term_string}"},"query-input":{"@type":"PropertyValueSpecification","valueRequired":true,"valueName":"search_term_string"}}],"inLanguage":"it-IT"},{"@type":"Organization","@id":"https:\/\/onfire2026.it\/it\/#organization","name":"On Fire 2026","url":"https:\/\/onfire2026.it\/it\/","logo":{"@type":"ImageObject","inLanguage":"it-IT","@id":"https:\/\/onfire2026.it\/it\/#\/schema\/logo\/image\/","url":"https:\/\/onfire2026.it\/wp-content\/uploads\/2025\/10\/onfire2026-logo.png","contentUrl":"https:\/\/onfire2026.it\/wp-content\/uploads\/2025\/10\/onfire2026-logo.png","width":1517,"height":442,"caption":"On Fire 2026"},"image":{"@id":"https:\/\/onfire2026.it\/it\/#\/schema\/logo\/image\/"}}]}},"_links":{"self":[{"href":"https:\/\/onfire2026.it\/it\/wp-json\/wp\/v2\/pages\/450","targetHints":{"allow":["GET"]}}],"collection":[{"href":"https:\/\/onfire2026.it\/it\/wp-json\/wp\/v2\/pages"}],"about":[{"href":"https:\/\/onfire2026.it\/it\/wp-json\/wp\/v2\/types\/page"}],"author":[{"embeddable":true,"href":"https:\/\/onfire2026.it\/it\/wp-json\/wp\/v2\/users\/1"}],"replies":[{"embeddable":true,"href":"https:\/\/onfire2026.it\/it\/wp-json\/wp\/v2\/comments?post=450"}],"version-history":[{"count":0,"href":"https:\/\/onfire2026.it\/it\/wp-json\/wp\/v2\/pages\/450\/revisions"}],"wp:attachment":[{"href":"https:\/\/onfire2026.it\/it\/wp-json\/wp\/v2\/media?parent=450"}],"curies":[{"name":"wp","href":"https:\/\/api.w.org\/{rel}","templated":true}]}}